{"id":7290,"date":"2024-09-02T17:10:19","date_gmt":"2024-09-02T16:10:19","guid":{"rendered":"https:\/\/maalemin.com\/?post_type=product&#038;p=7290"},"modified":"2024-11-09T20:51:42","modified_gmt":"2024-11-09T19:51:42","slug":"curtain-nihad","status":"publish","type":"product","link":"https:\/\/maalemin.com\/fr\/producto\/curtain-nihad\/","title":{"rendered":"RIDEAU NIHAD"},"content":{"rendered":"\t\t<div data-elementor-type=\"wp-post\" data-elementor-id=\"7290\" class=\"elementor elementor-7290\" data-elementor-post-type=\"product\">\n\t\t\t\t\t\t<section class=\"elementor-section elementor-top-section elementor-element elementor-element-8794d6c elementor-section-boxed elementor-section-height-default elementor-section-height-default wpr-particle-no wpr-jarallax-no wpr-parallax-no wpr-sticky-section-no\" data-id=\"8794d6c\" data-element_type=\"section\" data-e-type=\"section\">\n\t\t\t\t\t\t<div class=\"elementor-container elementor-column-gap-default\">\n\t\t\t\t\t<div class=\"elementor-column elementor-col-100 elementor-top-column elementor-element elementor-element-cb8165a\" data-id=\"cb8165a\" data-element_type=\"column\" data-e-type=\"column\">\n\t\t\t<div class=\"elementor-widget-wrap elementor-element-populated\">\n\t\t\t\t\t\t<div class=\"elementor-element elementor-element-393bea1 elementor-widget elementor-widget-heading\" data-id=\"393bea1\" data-element_type=\"widget\" data-e-type=\"widget\" data-widget_type=\"heading.default\">\n\t\t\t\t\t<h1 class=\"elementor-heading-title elementor-size-default\">Related products<\/h1>\t\t\t\t<\/div>\n\t\t\t\t<div class=\"elementor-element elementor-element-f18cdba wpr-grid-columns-3 wpr-grid-columns--tablet2 wpr-grid-columns--mobile1 wpr-grid-pagination-center wpr-item-styles-inner elementor-widget elementor-widget-wpr-woo-grid\" data-id=\"f18cdba\" data-element_type=\"widget\" data-e-type=\"widget\" data-widget_type=\"wpr-woo-grid.default\">\n\t\t\t\t\t<ul class=\"wpr-grid-filters elementor-clearfix wpr-grid-filters-sep-right\"><ul data-parent=\".product_cat-textiles\" class=\"wpr-sub-filters\"><li data-role=\"back\" class=\" wpr-pointer-none wpr-pointer-line-fx wpr-pointer-fx-none\"><span class=\"wpr-back-filter\" data-ajax-filter=[\"product_cat\",\"textiles\"] data-filter=\".product_cat-textiles\"><i class=\"fas fa-long-arrow-alt-left\"><\/i>&nbsp;&nbsp;Back<\/span><\/li><li data-role=\"sub\" class=\" wpr-pointer-none wpr-pointer-line-fx wpr-pointer-fx-none\"><span  data-ajax-filter=[\"product_cat\",\"bedspreads\"] data-filter=\".product_cat-bedspreads\">Bedspreads<\/span><em class=\"wpr-grid-filters-sep\"><\/em><\/li><li data-role=\"sub\" class=\" wpr-pointer-none wpr-pointer-line-fx wpr-pointer-fx-none\"><span  data-ajax-filter=[\"product_cat\",\"pillows\"] data-filter=\".product_cat-pillows\">Pillows<\/span><em class=\"wpr-grid-filters-sep\"><\/em><\/li><li data-role=\"sub\" class=\" wpr-pointer-none wpr-pointer-line-fx wpr-pointer-fx-none\"><span  data-ajax-filter=[\"product_cat\",\"towels\"] data-filter=\".product_cat-towels\">Towels<\/span><em class=\"wpr-grid-filters-sep\"><\/em><\/li><li data-role=\"sub\" class=\" wpr-pointer-none wpr-pointer-line-fx wpr-pointer-fx-none\"><span  data-ajax-filter=[\"product_cat\",\"furnishing-fabric-textiles\"] data-filter=\".product_cat-furnishing-fabric-textiles\">Furnishing Fabric<\/span><em class=\"wpr-grid-filters-sep\"><\/em><\/li><li data-role=\"sub\" class=\" wpr-pointer-none wpr-pointer-line-fx wpr-pointer-fx-none\"><span  data-ajax-filter=[\"product_cat\",\"curtains\"] data-filter=\".product_cat-curtains\">Curtains<\/span><em class=\"wpr-grid-filters-sep\"><\/em><\/li><\/ul><\/ul><section class=\"wpr-grid elementor-clearfix\" data-settings=\"{&quot;layout&quot;:&quot;fitRows&quot;,&quot;stick_last_element_to_bottom&quot;:&quot;&quot;,&quot;columns_desktop&quot;:3,&quot;gutter_hr&quot;:20,&quot;gutter_hr_mobile&quot;:20,&quot;gutter_hr_mobile_extra&quot;:20,&quot;gutter_hr_tablet&quot;:20,&quot;gutter_hr_tablet_extra&quot;:20,&quot;gutter_hr_laptop&quot;:20,&quot;gutter_hr_widescreen&quot;:20,&quot;gutter_vr&quot;:30,&quot;gutter_vr_mobile&quot;:30,&quot;gutter_vr_mobile_extra&quot;:30,&quot;gutter_vr_tablet&quot;:30,&quot;gutter_vr_tablet_extra&quot;:30,&quot;gutter_vr_laptop&quot;:30,&quot;gutter_vr_widescreen&quot;:30,&quot;animation&quot;:&quot;default&quot;,&quot;animation_duration&quot;:0.3,&quot;animation_delay&quot;:0.1,&quot;deeplinking&quot;:&quot;&quot;,&quot;filters_linkable&quot;:&quot;no&quot;,&quot;filters_default_filter&quot;:&quot;&quot;,&quot;filters_count&quot;:&quot;&quot;,&quot;filters_hide_empty&quot;:&quot;no&quot;,&quot;filters_animation&quot;:&quot;default&quot;,&quot;filters_animation_duration&quot;:0.3,&quot;filters_animation_delay&quot;:0.1,&quot;pagination_type&quot;:&quot;load-more&quot;,&quot;pagination_max_pages&quot;:5,&quot;query_posts_per_page&quot;:3,&quot;lightbox&quot;:{&quot;selector&quot;:&quot;.wpr-grid-image-wrap&quot;,&quot;iframeMaxWidth&quot;:&quot;60%&quot;,&quot;hash&quot;:false,&quot;autoplay&quot;:&quot;true&quot;,&quot;pause&quot;:5000,&quot;progressBar&quot;:&quot;true&quot;,&quot;counter&quot;:&quot;true&quot;,&quot;controls&quot;:&quot;true&quot;,&quot;getCaptionFromTitleOrAlt&quot;:&quot;true&quot;,&quot;thumbnail&quot;:&quot;&quot;,&quot;showThumbByDefault&quot;:&quot;&quot;,&quot;share&quot;:&quot;&quot;,&quot;zoom&quot;:&quot;true&quot;,&quot;fullScreen&quot;:&quot;true&quot;,&quot;download&quot;:&quot;true&quot;}}\" data-advanced-filters=\"no\" data-found-posts = 14><article class=\"wpr-grid-item elementor-clearfix post-7275 product type-product status-publish has-post-thumbnail product_cat-curtains product_cat-textiles product_tag-cotton product_tag-curtain product_tag-curtains product_tag-handmade product_tag-weaver product_tag-weaving desktop-align-left tablet-align-left mobile-align-left first instock shipping-taxable purchasable product-type-variable\"><div class=\"wpr-grid-item-inner\"><div class=\"wpr-grid-media-wrap wpr-effect-size-medium \" data-overlay-link=\"yes\"><div class=\"wpr-grid-image-wrap\" data-src=\"https:\/\/maalemin.com\/wp-content\/uploads\/2024\/09\/MAALEMIN-CURTAINS-AMAL-1.jpg\"  data-img-on-hover=\"\" data-src-secondary=\"\"><img decoding=\"async\" src=\"https:\/\/maalemin.com\/wp-content\/uploads\/2024\/09\/MAALEMIN-CURTAINS-AMAL-1.jpg\" alt=\"CURTAIN AMAL\" class=\"wpr-anim-timing-ease-default\"><\/div><div class=\"wpr-grid-media-hover wpr-animation-wrap\"><div class=\"wpr-grid-media-hover-bg  wpr-overlay-fade-in wpr-anim-size-large wpr-anim-timing-ease-default wpr-anim-transparency\" data-url=\"https:\/\/maalemin.com\/fr\/producto\/curtain-amal\/\"><\/div><\/div><\/div><div class=\"wpr-grid-item-below-content elementor-clearfix\"><h2 class=\"wpr-grid-item-title elementor-repeater-item-08e08e0 wpr-grid-item-display-block wpr-grid-item-align-left wpr-pointer-none wpr-pointer-line-fx wpr-pointer-fx-fade\"><div class=\"inner-block\"><a target=\"_self\"   href=\"https:\/\/maalemin.com\/fr\/producto\/curtain-amal\/\">CURTAIN AMAL<\/a><\/div><\/h2><div class=\"wpr-grid-item-price elementor-repeater-item-74cbb5c wpr-grid-item-display-block wpr-grid-item-align-left\"><div class=\"inner-block\"><span>A partir de <span class=\"woocommerce-Price-amount amount\">115.00<span class=\"woocommerce-Price-currencySymbol\">&euro;<\/span><\/span><\/span><\/div><\/div><\/div><\/div><\/article><article class=\"wpr-grid-item elementor-clearfix post-7290 product type-product status-publish has-post-thumbnail product_cat-curtains product_cat-textiles product_tag-cotton product_tag-curtain product_tag-curtains product_tag-handmade product_tag-weaver product_tag-weaving desktop-align-left tablet-align-left mobile-align-left  instock shipping-taxable purchasable product-type-variable\"><div class=\"wpr-grid-item-inner\"><div class=\"wpr-grid-media-wrap wpr-effect-size-medium \" data-overlay-link=\"yes\"><div class=\"wpr-grid-image-wrap\" data-src=\"https:\/\/maalemin.com\/wp-content\/uploads\/2024\/09\/MAALEMIN-CURTAINS-NIHAD-1.jpg\"  data-img-on-hover=\"\" data-src-secondary=\"\"><img decoding=\"async\" src=\"https:\/\/maalemin.com\/wp-content\/uploads\/2024\/09\/MAALEMIN-CURTAINS-NIHAD-1.jpg\" alt=\"CURTAIN NIHAD\" class=\"wpr-anim-timing-ease-default\"><\/div><div class=\"wpr-grid-media-hover wpr-animation-wrap\"><div class=\"wpr-grid-media-hover-bg  wpr-overlay-fade-in wpr-anim-size-large wpr-anim-timing-ease-default wpr-anim-transparency\" data-url=\"https:\/\/maalemin.com\/fr\/producto\/curtain-nihad\/\"><\/div><\/div><\/div><div class=\"wpr-grid-item-below-content elementor-clearfix\"><h2 class=\"wpr-grid-item-title elementor-repeater-item-08e08e0 wpr-grid-item-display-block wpr-grid-item-align-left wpr-pointer-none wpr-pointer-line-fx wpr-pointer-fx-fade\"><div class=\"inner-block\"><a target=\"_self\"   href=\"https:\/\/maalemin.com\/fr\/producto\/curtain-nihad\/\">CURTAIN NIHAD<\/a><\/div><\/h2><div class=\"wpr-grid-item-price elementor-repeater-item-74cbb5c wpr-grid-item-display-block wpr-grid-item-align-left\"><div class=\"inner-block\"><span>A partir de <span class=\"woocommerce-Price-amount amount\">115.00<span class=\"woocommerce-Price-currencySymbol\">&euro;<\/span><\/span><\/span><\/div><\/div><\/div><\/div><\/article><article class=\"wpr-grid-item elementor-clearfix post-7301 product type-product status-publish has-post-thumbnail product_cat-curtains product_cat-textiles product_tag-cotton product_tag-curtain product_tag-curtains product_tag-handmade product_tag-weaver product_tag-weaving desktop-align-left tablet-align-left mobile-align-left last instock shipping-taxable purchasable product-type-variable\"><div class=\"wpr-grid-item-inner\"><div class=\"wpr-grid-media-wrap wpr-effect-size-medium \" data-overlay-link=\"yes\"><div class=\"wpr-grid-image-wrap\" data-src=\"https:\/\/maalemin.com\/wp-content\/uploads\/2024\/09\/MAALEMIN-CURTAINS-JANNA-1.jpg\"  data-img-on-hover=\"\" data-src-secondary=\"\"><img decoding=\"async\" src=\"https:\/\/maalemin.com\/wp-content\/uploads\/2024\/09\/MAALEMIN-CURTAINS-JANNA-1.jpg\" alt=\"CURTAIN JANNA\" class=\"wpr-anim-timing-ease-default\"><\/div><div class=\"wpr-grid-media-hover wpr-animation-wrap\"><div class=\"wpr-grid-media-hover-bg  wpr-overlay-fade-in wpr-anim-size-large wpr-anim-timing-ease-default wpr-anim-transparency\" data-url=\"https:\/\/maalemin.com\/fr\/producto\/curtain-janna\/\"><\/div><\/div><\/div><div class=\"wpr-grid-item-below-content elementor-clearfix\"><h2 class=\"wpr-grid-item-title elementor-repeater-item-08e08e0 wpr-grid-item-display-block wpr-grid-item-align-left wpr-pointer-none wpr-pointer-line-fx wpr-pointer-fx-fade\"><div class=\"inner-block\"><a target=\"_self\"   href=\"https:\/\/maalemin.com\/fr\/producto\/curtain-janna\/\">CURTAIN JANNA<\/a><\/div><\/h2><div class=\"wpr-grid-item-price elementor-repeater-item-74cbb5c wpr-grid-item-display-block wpr-grid-item-align-left\"><div class=\"inner-block\"><span>A partir de <span class=\"woocommerce-Price-amount amount\">115.00<span class=\"woocommerce-Price-currencySymbol\">&euro;<\/span><\/span><\/span><\/div><\/div><\/div><\/div><\/article><\/section><div class=\"wpr-grid-pagination elementor-clearfix wpr-grid-pagination-load-more\" data-pages=\"5\"><a href=\"https:\/\/maalemin.com\/fr\/wp-json\/wp\/v2\/product\/7290\/page\/2\/\" class=\"wpr-load-more-btn\" data-e-disable-page-transition><\/a><div class=\"wpr-pagination-loading\"><div class=\"wpr-double-bounce\"><div class=\"wpr-child wpr-double-bounce1\"><\/div><div class=\"wpr-child wpr-double-bounce2\"><\/div><\/div><\/div><p class=\"wpr-pagination-finish\">End of Content.<\/p><\/div>\t\t\t\t<\/div>\n\t\t\t\t\t<\/div>\n\t\t<\/div>\n\t\t\t\t\t<\/div>\n\t\t<\/section>\n\t\t\t\t<\/div>\n\t\t","protected":false},"excerpt":{"rendered":"<p><em>Par Amine Bakali<\/em><\/p>\n<p>These curtains are handwoven by master weavers with the best quality of cotton and are perfect for your interior design project. With our team of professional sewers, we deliver you ready to hang curtains for the specific requirements of your project.<\/p>\n<p><strong>Personnalisation:<\/strong> Si vous voulez des dimensions sp\u00e9cifiques ou si vous d\u00e9sirez cr\u00e9er votre propre design de rideaux avec des couleurs, des mati\u00e8res (nylon, coton, laine) et un motif sur-mesure, contactez-nous sur <a href=\"mailto:hello@maalemine.com\"><em>hello@maalemine.com<\/em><\/a> pour nous parler de votre id\u00e9e et d\u00e9marrer notre collaboration.<\/p>\n<p><strong>Commande en gros<\/strong> Si vous \u00eates un professionnel et que vous d\u00e9sirez placer une commande en gros, contactez-nous sur <a href=\"mailto:hello@maalemine.com\"><em>hello@maalemine.com<\/em> <\/a>avec les d\u00e9tails de votre commande et nous vous enverrons un devis.<\/p>","protected":false},"featured_media":7299,"template":"elementor_theme","meta":{"site-sidebar-layout":"no-sidebar","site-content-layout":"","ast-site-content-layout":"normal-width-container","site-content-style":"boxed","site-sidebar-style":"default","ast-global-header-display":"","ast-banner-title-visibility":"","ast-main-header-display":"","ast-hfb-above-header-display":"","ast-hfb-below-header-display":"","ast-hfb-mobile-header-display":"","site-post-title":"disabled","ast-breadcrumbs-content":"","ast-featured-img":"disabled","footer-sml-layout":"","theme-transparent-header-meta":"default","adv-header-id-meta":"","stick-header-meta":"","header-above-stick-meta":"","header-main-stick-meta":"","header-below-stick-meta":"","astra-migrate-meta-layouts":"set","ast-page-background-enabled":"default","ast-page-background-meta":{"desktop":{"background-color":"","background-image":"","background-repeat":"repeat","background-position":"center center","background-size":"auto","background-attachment":"scroll","background-type":"","background-media":"","overlay-type":"","overlay-color":"","overlay-opacity":"","overlay-gradient":""},"tablet":{"background-color":"","background-image":"","background-repeat":"repeat","background-position":"center center","background-size":"auto","background-attachment":"scroll","background-type":"","background-media":"","overlay-type":"","overlay-color":"","overlay-opacity":"","overlay-gradient":""},"mobile":{"background-color":"","background-image":"","background-repeat":"repeat","background-position":"center center","background-size":"auto","background-attachment":"scroll","background-type":"","background-media":"","overlay-type":"","overlay-color":"","overlay-opacity":"","overlay-gradient":""}},"ast-content-background-meta":{"desktop":{"background-color":"var(--ast-global-color-5)","background-image":"","background-repeat":"repeat","background-position":"center center","background-size":"auto","background-attachment":"scroll","background-type":"","background-media":"","overlay-type":"","overlay-color":"","overlay-opacity":"","overlay-gradient":""},"tablet":{"background-color":"var(--ast-global-color-5)","background-image":"","background-repeat":"repeat","background-position":"center center","background-size":"auto","background-attachment":"scroll","background-type":"","background-media":"","overlay-type":"","overlay-color":"","overlay-opacity":"","overlay-gradient":""},"mobile":{"background-color":"var(--ast-global-color-5)","background-image":"","background-repeat":"repeat","background-position":"center center","background-size":"auto","background-attachment":"scroll","background-type":"","background-media":"","overlay-type":"","overlay-color":"","overlay-opacity":"","overlay-gradient":""}}},"product_brand":[],"product_cat":[85,26],"product_tag":[54,75,72,58,62,61],"class_list":{"0":"post-7290","1":"product","2":"type-product","3":"status-publish","4":"has-post-thumbnail","6":"product_cat-curtains","7":"product_cat-textiles","8":"product_tag-cotton","9":"product_tag-curtain","10":"product_tag-curtains","11":"product_tag-handmade","12":"product_tag-weaver","13":"product_tag-weaving","14":"desktop-align-left","15":"tablet-align-left","16":"mobile-align-left","18":"first","19":"instock","20":"shipping-taxable","21":"purchasable","22":"product-type-variable"},"_links":{"self":[{"href":"https:\/\/maalemin.com\/fr\/wp-json\/wp\/v2\/product\/7290","targetHints":{"allow":["GET"]}}],"collection":[{"href":"https:\/\/maalemin.com\/fr\/wp-json\/wp\/v2\/product"}],"about":[{"href":"https:\/\/maalemin.com\/fr\/wp-json\/wp\/v2\/types\/product"}],"version-history":[{"count":11,"href":"https:\/\/maalemin.com\/fr\/wp-json\/wp\/v2\/product\/7290\/revisions"}],"predecessor-version":[{"id":9382,"href":"https:\/\/maalemin.com\/fr\/wp-json\/wp\/v2\/product\/7290\/revisions\/9382"}],"wp:featuredmedia":[{"embeddable":true,"href":"https:\/\/maalemin.com\/fr\/wp-json\/wp\/v2\/media\/7299"}],"wp:attachment":[{"href":"https:\/\/maalemin.com\/fr\/wp-json\/wp\/v2\/media?parent=7290"}],"wp:term":[{"taxonomy":"product_brand","embeddable":true,"href":"https:\/\/maalemin.com\/fr\/wp-json\/wp\/v2\/product_brand?post=7290"},{"taxonomy":"product_cat","embeddable":true,"href":"https:\/\/maalemin.com\/fr\/wp-json\/wp\/v2\/product_cat?post=7290"},{"taxonomy":"product_tag","embeddable":true,"href":"https:\/\/maalemin.com\/fr\/wp-json\/wp\/v2\/product_tag?post=7290"}],"curies":[{"name":"wp","href":"https:\/\/api.w.org\/{rel}","templated":true}]}}