{"id":7165,"date":"2024-08-05T16:14:17","date_gmt":"2024-08-05T15:14:17","guid":{"rendered":"https:\/\/maalemin.com\/?post_type=product&#038;p=7165"},"modified":"2024-11-08T18:19:00","modified_gmt":"2024-11-08T17:19:00","slug":"sky-blue-cotton-fabric","status":"publish","type":"product","link":"https:\/\/maalemin.com\/fr\/producto\/sky-blue-cotton-fabric\/","title":{"rendered":"TISSU COTON BLEU CIEL"},"content":{"rendered":"\t\t<div data-elementor-type=\"wp-post\" data-elementor-id=\"7165\" class=\"elementor elementor-7165\" data-elementor-post-type=\"product\">\n\t\t\t\t\t\t<section class=\"elementor-section elementor-top-section elementor-element elementor-element-ce7b84d elementor-section-boxed elementor-section-height-default elementor-section-height-default wpr-particle-no wpr-jarallax-no wpr-parallax-no wpr-sticky-section-no\" data-id=\"ce7b84d\" data-element_type=\"section\" data-e-type=\"section\">\n\t\t\t\t\t\t<div class=\"elementor-container elementor-column-gap-default\">\n\t\t\t\t\t<div class=\"elementor-column elementor-col-100 elementor-top-column elementor-element elementor-element-10bd089\" data-id=\"10bd089\" data-element_type=\"column\" data-e-type=\"column\">\n\t\t\t<div class=\"elementor-widget-wrap elementor-element-populated\">\n\t\t\t\t\t\t<div class=\"elementor-element elementor-element-936c921 elementor-widget elementor-widget-heading\" data-id=\"936c921\" data-element_type=\"widget\" data-e-type=\"widget\" data-widget_type=\"heading.default\">\n\t\t\t\t\t<h2 class=\"elementor-heading-title elementor-size-default\">RELATED PRODUCTS<\/h2>\t\t\t\t<\/div>\n\t\t\t\t<div class=\"elementor-element elementor-element-6f509a4 wpr-grid-columns-3 wpr-grid-columns--tablet2 wpr-grid-columns--mobile1 wpr-grid-pagination-center wpr-item-styles-inner elementor-widget elementor-widget-wpr-woo-grid\" data-id=\"6f509a4\" data-element_type=\"widget\" data-e-type=\"widget\" data-widget_type=\"wpr-woo-grid.default\">\n\t\t\t\t\t<ul class=\"wpr-grid-filters elementor-clearfix wpr-grid-filters-sep-right\"><ul data-parent=\".product_cat-textiles\" class=\"wpr-sub-filters\"><li data-role=\"back\" class=\" wpr-pointer-none wpr-pointer-line-fx wpr-pointer-fx-none\"><span class=\"wpr-back-filter\" data-ajax-filter=[\"product_cat\",\"textiles\"] data-filter=\".product_cat-textiles\"><i class=\"fas fa-long-arrow-alt-left\"><\/i>&nbsp;&nbsp;Back<\/span><\/li><li data-role=\"sub\" class=\" wpr-pointer-none wpr-pointer-line-fx wpr-pointer-fx-none\"><span  data-ajax-filter=[\"product_cat\",\"bedspreads\"] data-filter=\".product_cat-bedspreads\">Bedspreads<\/span><em class=\"wpr-grid-filters-sep\"><\/em><\/li><li data-role=\"sub\" class=\" wpr-pointer-none wpr-pointer-line-fx wpr-pointer-fx-none\"><span  data-ajax-filter=[\"product_cat\",\"pillows\"] data-filter=\".product_cat-pillows\">Pillows<\/span><em class=\"wpr-grid-filters-sep\"><\/em><\/li><li data-role=\"sub\" class=\" wpr-pointer-none wpr-pointer-line-fx wpr-pointer-fx-none\"><span  data-ajax-filter=[\"product_cat\",\"towels\"] data-filter=\".product_cat-towels\">Towels<\/span><em class=\"wpr-grid-filters-sep\"><\/em><\/li><li data-role=\"sub\" class=\" wpr-pointer-none wpr-pointer-line-fx wpr-pointer-fx-none\"><span  data-ajax-filter=[\"product_cat\",\"furnishing-fabric-textiles\"] data-filter=\".product_cat-furnishing-fabric-textiles\">Furnishing Fabric<\/span><em class=\"wpr-grid-filters-sep\"><\/em><\/li><li data-role=\"sub\" class=\" wpr-pointer-none wpr-pointer-line-fx wpr-pointer-fx-none\"><span  data-ajax-filter=[\"product_cat\",\"curtains\"] data-filter=\".product_cat-curtains\">Curtains<\/span><em class=\"wpr-grid-filters-sep\"><\/em><\/li><\/ul><\/ul><section class=\"wpr-grid elementor-clearfix\" data-settings=\"{&quot;layout&quot;:&quot;fitRows&quot;,&quot;stick_last_element_to_bottom&quot;:&quot;&quot;,&quot;columns_desktop&quot;:3,&quot;gutter_hr&quot;:20,&quot;gutter_hr_mobile&quot;:20,&quot;gutter_hr_mobile_extra&quot;:20,&quot;gutter_hr_tablet&quot;:20,&quot;gutter_hr_tablet_extra&quot;:20,&quot;gutter_hr_laptop&quot;:20,&quot;gutter_hr_widescreen&quot;:20,&quot;gutter_vr&quot;:30,&quot;gutter_vr_mobile&quot;:30,&quot;gutter_vr_mobile_extra&quot;:30,&quot;gutter_vr_tablet&quot;:30,&quot;gutter_vr_tablet_extra&quot;:30,&quot;gutter_vr_laptop&quot;:30,&quot;gutter_vr_widescreen&quot;:30,&quot;animation&quot;:&quot;default&quot;,&quot;animation_duration&quot;:0.3,&quot;animation_delay&quot;:0.1,&quot;deeplinking&quot;:&quot;&quot;,&quot;filters_linkable&quot;:&quot;no&quot;,&quot;filters_default_filter&quot;:&quot;&quot;,&quot;filters_count&quot;:&quot;&quot;,&quot;filters_hide_empty&quot;:&quot;no&quot;,&quot;filters_animation&quot;:&quot;default&quot;,&quot;filters_animation_duration&quot;:0.3,&quot;filters_animation_delay&quot;:0.1,&quot;pagination_type&quot;:&quot;load-more&quot;,&quot;pagination_max_pages&quot;:12,&quot;query_posts_per_page&quot;:3,&quot;lightbox&quot;:{&quot;selector&quot;:&quot;.wpr-grid-image-wrap&quot;,&quot;iframeMaxWidth&quot;:&quot;60%&quot;,&quot;hash&quot;:false,&quot;autoplay&quot;:&quot;true&quot;,&quot;pause&quot;:5000,&quot;progressBar&quot;:&quot;true&quot;,&quot;counter&quot;:&quot;true&quot;,&quot;controls&quot;:&quot;true&quot;,&quot;getCaptionFromTitleOrAlt&quot;:&quot;true&quot;,&quot;thumbnail&quot;:&quot;&quot;,&quot;showThumbByDefault&quot;:&quot;&quot;,&quot;share&quot;:&quot;&quot;,&quot;zoom&quot;:&quot;true&quot;,&quot;fullScreen&quot;:&quot;true&quot;,&quot;download&quot;:&quot;true&quot;}}\" data-advanced-filters=\"no\" data-found-posts = 36><article class=\"wpr-grid-item elementor-clearfix post-7440 product type-product status-publish has-post-thumbnail product_cat-fabric-by-the-meter product_cat-furnishing-fabric-textiles product_cat-textiles product_tag-cotton product_tag-fabric product_tag-fabric-by-the-meter product_tag-furnishing product_tag-furnishing-fabric product_tag-geometrical-weiving product_tag-handmade product_tag-weaver product_tag-weaving desktop-align-left tablet-align-left mobile-align-left first instock shipping-taxable purchasable product-type-variable\"><div class=\"wpr-grid-item-inner\"><div class=\"wpr-grid-media-wrap wpr-effect-size-medium \" data-overlay-link=\"yes\"><div class=\"wpr-grid-image-wrap\" data-src=\"https:\/\/maalemin.com\/wp-content\/uploads\/2024\/09\/MAALEMIN-FABRIC-BRIGHT-BLUE-COTTON-AND-HEMP-CHEVRON.jpg\"  data-img-on-hover=\"\" data-src-secondary=\"\"><img decoding=\"async\" src=\"https:\/\/maalemin.com\/wp-content\/uploads\/2024\/09\/MAALEMIN-FABRIC-BRIGHT-BLUE-COTTON-AND-HEMP-CHEVRON.jpg\" alt=\"BRIGHT BLUE COTTON AND HEMP CHEVRON FABRIC\u00a0\" class=\"wpr-anim-timing-ease-default\"><\/div><div class=\"wpr-grid-media-hover wpr-animation-wrap\"><div class=\"wpr-grid-media-hover-bg  wpr-overlay-fade-in wpr-anim-size-large wpr-anim-timing-ease-default wpr-anim-transparency\" data-url=\"https:\/\/maalemin.com\/fr\/producto\/bright-blue-cotton-and-hemp-chevron-fabric\/\"><\/div><\/div><\/div><div class=\"wpr-grid-item-below-content elementor-clearfix\"><h2 class=\"wpr-grid-item-title elementor-repeater-item-08e08e0 wpr-grid-item-display-block wpr-grid-item-align-left wpr-pointer-none wpr-pointer-line-fx wpr-pointer-fx-fade\"><div class=\"inner-block\"><a target=\"_self\"   href=\"https:\/\/maalemin.com\/fr\/producto\/bright-blue-cotton-and-hemp-chevron-fabric\/\">BRIGHT BLUE COTTON AND HEMP CHEVRON FABRIC\u00a0<\/a><\/div><\/h2><div class=\"wpr-grid-item-price elementor-repeater-item-74cbb5c wpr-grid-item-display-block wpr-grid-item-align-left\"><div class=\"inner-block\"><span><span class=\"woocommerce-Price-amount amount\">50.00<span class=\"woocommerce-Price-currencySymbol\">&euro;<\/span><\/span><\/span><\/div><\/div><\/div><\/div><\/article><article class=\"wpr-grid-item elementor-clearfix post-7242 product type-product status-publish has-post-thumbnail product_cat-fabric-by-the-meter product_cat-furnishing-fabric-textiles product_cat-textiles product_tag-cotton product_tag-fabric product_tag-fabric-by-the-meter product_tag-furnishing product_tag-furnishing-fabric product_tag-handmade product_tag-weaver product_tag-weaving desktop-align-left tablet-align-left mobile-align-left  instock shipping-taxable purchasable product-type-variable\"><div class=\"wpr-grid-item-inner\"><div class=\"wpr-grid-media-wrap wpr-effect-size-medium \" data-overlay-link=\"yes\"><div class=\"wpr-grid-image-wrap\" data-src=\"https:\/\/maalemin.com\/wp-content\/uploads\/2024\/09\/MAALEMIN-COTTON-FABRIC-BLUE-BEIGE-1.jpg\"  data-img-on-hover=\"\" data-src-secondary=\"\"><img decoding=\"async\" src=\"https:\/\/maalemin.com\/wp-content\/uploads\/2024\/09\/MAALEMIN-COTTON-FABRIC-BLUE-BEIGE-1.jpg\" alt=\"BLUE AND BEIGE COTTON FABRIC\" class=\"wpr-anim-timing-ease-default\"><\/div><div class=\"wpr-grid-media-hover wpr-animation-wrap\"><div class=\"wpr-grid-media-hover-bg  wpr-overlay-fade-in wpr-anim-size-large wpr-anim-timing-ease-default wpr-anim-transparency\" data-url=\"https:\/\/maalemin.com\/fr\/producto\/blue-and-beige-cotton-fabric\/\"><\/div><\/div><\/div><div class=\"wpr-grid-item-below-content elementor-clearfix\"><h2 class=\"wpr-grid-item-title elementor-repeater-item-08e08e0 wpr-grid-item-display-block wpr-grid-item-align-left wpr-pointer-none wpr-pointer-line-fx wpr-pointer-fx-fade\"><div class=\"inner-block\"><a target=\"_self\"   href=\"https:\/\/maalemin.com\/fr\/producto\/blue-and-beige-cotton-fabric\/\">BLUE AND BEIGE COTTON FABRIC<\/a><\/div><\/h2><div class=\"wpr-grid-item-price elementor-repeater-item-74cbb5c wpr-grid-item-display-block wpr-grid-item-align-left\"><div class=\"inner-block\"><span><span class=\"woocommerce-Price-amount amount\">40.00<span class=\"woocommerce-Price-currencySymbol\">&euro;<\/span><\/span><\/span><\/div><\/div><\/div><\/div><\/article><article class=\"wpr-grid-item elementor-clearfix post-7248 product type-product status-publish has-post-thumbnail product_cat-fabric-by-the-meter product_cat-furnishing-fabric-textiles product_cat-textiles product_tag-cotton product_tag-fabric product_tag-fabric-by-the-meter product_tag-furnishing product_tag-furnishing-fabric product_tag-handmade product_tag-weaver product_tag-weaving desktop-align-left tablet-align-left mobile-align-left last instock shipping-taxable purchasable product-type-variable\"><div class=\"wpr-grid-item-inner\"><div class=\"wpr-grid-media-wrap wpr-effect-size-medium \" data-overlay-link=\"yes\"><div class=\"wpr-grid-image-wrap\" data-src=\"https:\/\/maalemin.com\/wp-content\/uploads\/2024\/09\/MAALEMIN-COTTON-FABRIC-BLUE-BEIGE-STRIPES-1.jpg\"  data-img-on-hover=\"\" data-src-secondary=\"\"><img decoding=\"async\" src=\"https:\/\/maalemin.com\/wp-content\/uploads\/2024\/09\/MAALEMIN-COTTON-FABRIC-BLUE-BEIGE-STRIPES-1.jpg\" alt=\"BLUE AND BEIGE STRIPES COTTON FABRIC\" class=\"wpr-anim-timing-ease-default\"><\/div><div class=\"wpr-grid-media-hover wpr-animation-wrap\"><div class=\"wpr-grid-media-hover-bg  wpr-overlay-fade-in wpr-anim-size-large wpr-anim-timing-ease-default wpr-anim-transparency\" data-url=\"https:\/\/maalemin.com\/fr\/producto\/blue-and-beige-stripes-cotton-fabric\/\"><\/div><\/div><\/div><div class=\"wpr-grid-item-below-content elementor-clearfix\"><h2 class=\"wpr-grid-item-title elementor-repeater-item-08e08e0 wpr-grid-item-display-block wpr-grid-item-align-left wpr-pointer-none wpr-pointer-line-fx wpr-pointer-fx-fade\"><div class=\"inner-block\"><a target=\"_self\"   href=\"https:\/\/maalemin.com\/fr\/producto\/blue-and-beige-stripes-cotton-fabric\/\">BLUE AND BEIGE STRIPES COTTON FABRIC<\/a><\/div><\/h2><div class=\"wpr-grid-item-price elementor-repeater-item-74cbb5c wpr-grid-item-display-block wpr-grid-item-align-left\"><div class=\"inner-block\"><span><span class=\"woocommerce-Price-amount amount\">40.00<span class=\"woocommerce-Price-currencySymbol\">&euro;<\/span><\/span><\/span><\/div><\/div><\/div><\/div><\/article><\/section><div class=\"wpr-grid-pagination elementor-clearfix wpr-grid-pagination-load-more\" data-pages=\"12\"><a href=\"https:\/\/maalemin.com\/fr\/wp-json\/wp\/v2\/product\/7165\/page\/2\/\" class=\"wpr-load-more-btn\" data-e-disable-page-transition><\/a><div class=\"wpr-pagination-loading\"><div class=\"wpr-double-bounce\"><div class=\"wpr-child wpr-double-bounce1\"><\/div><div class=\"wpr-child wpr-double-bounce2\"><\/div><\/div><\/div><p class=\"wpr-pagination-finish\">End of Content.<\/p><\/div>\t\t\t\t<\/div>\n\t\t\t\t\t<\/div>\n\t\t<\/div>\n\t\t\t\t\t<\/div>\n\t\t<\/section>\n\t\t\t\t<\/div>\n\t\t","protected":false},"excerpt":{"rendered":"<p><em>Par Amine Bakali<\/em><\/p>\n<p class=\"translation-block\">Ce tissu au m\u00e8tre est tiss\u00e9 \u00e0 la main par des ma\u00eetres tisserands avec la meilleure qualit\u00e9 de coton. Il est parfaitement adapt\u00e9 pour vos projets de d\u00e9coration d'int\u00e9rieur et d'ameublement. Il peut \u00eatre utilis\u00e9 pour faire des rideaux, des couvre-lits, des plaids, des nappes ou comme tissu d\u2019ameublement pour tapisser du mobilier. Gr\u00e2ce \u00e0 notre \u00e9quipe de couturiers professionnels nous pouvons vous aider \u00e0 d\u00e9cliner ce tissu en objets de d\u00e9coration pr\u00eats \u00e0 l'emploi pour les besoins de votre projet.<\/p>\n<p class=\"translation-block\"><strong>Personnalisation:<\/strong><span style=\"font-weight: 400\"> Si vous voulez cr\u00e9er votre propre design de tissu avec des couleurs, des mati\u00e8res (nylon, coton, laine) et un motif sur-mesure, contactez-nous sur  <\/span><a href=\"mailto:hello@maalemine.com\" target=\"_self\"><span style=\"font-weight: 400\">hello@maalemine.com<\/span><\/a><span style=\"font-weight: 400\"> pour nous parler de votre id\u00e9e et d\u00e9marrer notre collaboration.<\/span><\/p>\n<p><strong>Commande minimum:<\/strong> 3 m\u00e8tres carr\u00e9s.<\/p>\n<p><strong>Commande en gros<\/strong> If you are professional and you want to place a wholesale order (minimum 12 square meters), email us at <a href=\"mailto:hello@maalemine.com\"><em>hello@maalemine.com<\/em><\/a> avec les d\u00e9tails de votre commande et nous vous enverrons un devis.<\/p>","protected":false},"featured_media":7137,"template":"elementor_theme","meta":{"site-sidebar-layout":"no-sidebar","site-content-layout":"","ast-site-content-layout":"normal-width-container","site-content-style":"boxed","site-sidebar-style":"default","ast-global-header-display":"","ast-banner-title-visibility":"","ast-main-header-display":"","ast-hfb-above-header-display":"","ast-hfb-below-header-display":"","ast-hfb-mobile-header-display":"","site-post-title":"disabled","ast-breadcrumbs-content":"","ast-featured-img":"disabled","footer-sml-layout":"","theme-transparent-header-meta":"default","adv-header-id-meta":"","stick-header-meta":"","header-above-stick-meta":"","header-main-stick-meta":"","header-below-stick-meta":"","astra-migrate-meta-layouts":"set","ast-page-background-enabled":"default","ast-page-background-meta":{"desktop":{"background-color":"","background-image":"","background-repeat":"repeat","background-position":"center center","background-size":"auto","background-attachment":"scroll","background-type":"","background-media":"","overlay-type":"","overlay-color":"","overlay-opacity":"","overlay-gradient":""},"tablet":{"background-color":"","background-image":"","background-repeat":"repeat","background-position":"center center","background-size":"auto","background-attachment":"scroll","background-type":"","background-media":"","overlay-type":"","overlay-color":"","overlay-opacity":"","overlay-gradient":""},"mobile":{"background-color":"","background-image":"","background-repeat":"repeat","background-position":"center center","background-size":"auto","background-attachment":"scroll","background-type":"","background-media":"","overlay-type":"","overlay-color":"","overlay-opacity":"","overlay-gradient":""}},"ast-content-background-meta":{"desktop":{"background-color":"var(--ast-global-color-5)","background-image":"","background-repeat":"repeat","background-position":"center center","background-size":"auto","background-attachment":"scroll","background-type":"","background-media":"","overlay-type":"","overlay-color":"","overlay-opacity":"","overlay-gradient":""},"tablet":{"background-color":"var(--ast-global-color-5)","background-image":"","background-repeat":"repeat","background-position":"center center","background-size":"auto","background-attachment":"scroll","background-type":"","background-media":"","overlay-type":"","overlay-color":"","overlay-opacity":"","overlay-gradient":""},"mobile":{"background-color":"var(--ast-global-color-5)","background-image":"","background-repeat":"repeat","background-position":"center center","background-size":"auto","background-attachment":"scroll","background-type":"","background-media":"","overlay-type":"","overlay-color":"","overlay-opacity":"","overlay-gradient":""}}},"product_brand":[],"product_cat":[82,81,26],"product_tag":[54,77,78,79,74,58,62,61],"class_list":{"0":"post-7165","1":"product","2":"type-product","3":"status-publish","4":"has-post-thumbnail","6":"product_cat-fabric-by-the-meter","7":"product_cat-furnishing-fabric-textiles","8":"product_cat-textiles","9":"product_tag-cotton","10":"product_tag-fabric","11":"product_tag-fabric-by-the-meter","12":"product_tag-furnishing","13":"product_tag-furnishing-fabric","14":"product_tag-handmade","15":"product_tag-weaver","16":"product_tag-weaving","17":"desktop-align-left","18":"tablet-align-left","19":"mobile-align-left","21":"first","22":"instock","23":"shipping-taxable","24":"purchasable","25":"product-type-variable"},"_links":{"self":[{"href":"https:\/\/maalemin.com\/fr\/wp-json\/wp\/v2\/product\/7165","targetHints":{"allow":["GET"]}}],"collection":[{"href":"https:\/\/maalemin.com\/fr\/wp-json\/wp\/v2\/product"}],"about":[{"href":"https:\/\/maalemin.com\/fr\/wp-json\/wp\/v2\/types\/product"}],"version-history":[{"count":5,"href":"https:\/\/maalemin.com\/fr\/wp-json\/wp\/v2\/product\/7165\/revisions"}],"predecessor-version":[{"id":8711,"href":"https:\/\/maalemin.com\/fr\/wp-json\/wp\/v2\/product\/7165\/revisions\/8711"}],"wp:featuredmedia":[{"embeddable":true,"href":"https:\/\/maalemin.com\/fr\/wp-json\/wp\/v2\/media\/7137"}],"wp:attachment":[{"href":"https:\/\/maalemin.com\/fr\/wp-json\/wp\/v2\/media?parent=7165"}],"wp:term":[{"taxonomy":"product_brand","embeddable":true,"href":"https:\/\/maalemin.com\/fr\/wp-json\/wp\/v2\/product_brand?post=7165"},{"taxonomy":"product_cat","embeddable":true,"href":"https:\/\/maalemin.com\/fr\/wp-json\/wp\/v2\/product_cat?post=7165"},{"taxonomy":"product_tag","embeddable":true,"href":"https:\/\/maalemin.com\/fr\/wp-json\/wp\/v2\/product_tag?post=7165"}],"curies":[{"name":"wp","href":"https:\/\/api.w.org\/{rel}","templated":true}]}}