{"id":6824,"date":"2024-09-01T12:47:41","date_gmt":"2024-09-01T11:47:41","guid":{"rendered":"https:\/\/maalemin.com\/?post_type=product&#038;p=6824"},"modified":"2025-03-26T13:39:59","modified_gmt":"2025-03-26T13:39:59","slug":"bedspread-hiba","status":"publish","type":"product","link":"https:\/\/maalemin.com\/fr\/producto\/bedspread-hiba\/","title":{"rendered":"COUVRE-LIT HIBA"},"content":{"rendered":"\t\t<div data-elementor-type=\"wp-post\" data-elementor-id=\"6824\" class=\"elementor elementor-6824\" data-elementor-post-type=\"product\">\n\t\t\t\t\t\t<section class=\"elementor-section elementor-top-section elementor-element elementor-element-0986f09 elementor-section-boxed elementor-section-height-default elementor-section-height-default wpr-particle-no wpr-jarallax-no wpr-parallax-no wpr-sticky-section-no\" data-id=\"0986f09\" data-element_type=\"section\" data-e-type=\"section\">\n\t\t\t\t\t\t<div class=\"elementor-container elementor-column-gap-default\">\n\t\t\t\t\t<div class=\"elementor-column elementor-col-100 elementor-top-column elementor-element elementor-element-e471760\" data-id=\"e471760\" data-element_type=\"column\" data-e-type=\"column\">\n\t\t\t<div class=\"elementor-widget-wrap elementor-element-populated\">\n\t\t\t\t\t\t<div class=\"elementor-element elementor-element-a91b622 elementor-widget elementor-widget-heading\" data-id=\"a91b622\" data-element_type=\"widget\" data-e-type=\"widget\" data-widget_type=\"heading.default\">\n\t\t\t\t\t<h2 class=\"elementor-heading-title elementor-size-default\">RELATED PRODUCTS<\/h2>\t\t\t\t<\/div>\n\t\t\t\t<div class=\"elementor-element elementor-element-c5302fc wpr-grid-columns-3 wpr-grid-columns--tablet2 wpr-grid-columns--mobile1 wpr-grid-pagination-center wpr-item-styles-inner elementor-widget elementor-widget-wpr-woo-grid\" data-id=\"c5302fc\" data-element_type=\"widget\" data-e-type=\"widget\" data-widget_type=\"wpr-woo-grid.default\">\n\t\t\t\t\t<ul class=\"wpr-grid-filters elementor-clearfix wpr-grid-filters-sep-right\"><ul data-parent=\".product_cat-textiles\" class=\"wpr-sub-filters\"><li data-role=\"back\" class=\" wpr-pointer-none wpr-pointer-line-fx wpr-pointer-fx-none\"><span class=\"wpr-back-filter\" data-ajax-filter=[\"product_cat\",\"textiles\"] data-filter=\".product_cat-textiles\"><i class=\"fas fa-long-arrow-alt-left\"><\/i>&nbsp;&nbsp;Back<\/span><\/li><li data-role=\"sub\" class=\" wpr-pointer-none wpr-pointer-line-fx wpr-pointer-fx-none\"><span  data-ajax-filter=[\"product_cat\",\"bedspreads\"] data-filter=\".product_cat-bedspreads\">Bedspreads<\/span><em class=\"wpr-grid-filters-sep\"><\/em><\/li><li data-role=\"sub\" class=\" wpr-pointer-none wpr-pointer-line-fx wpr-pointer-fx-none\"><span  data-ajax-filter=[\"product_cat\",\"pillows\"] data-filter=\".product_cat-pillows\">Pillows<\/span><em class=\"wpr-grid-filters-sep\"><\/em><\/li><li data-role=\"sub\" class=\" wpr-pointer-none wpr-pointer-line-fx wpr-pointer-fx-none\"><span  data-ajax-filter=[\"product_cat\",\"towels\"] data-filter=\".product_cat-towels\">Towels<\/span><em class=\"wpr-grid-filters-sep\"><\/em><\/li><li data-role=\"sub\" class=\" wpr-pointer-none wpr-pointer-line-fx wpr-pointer-fx-none\"><span  data-ajax-filter=[\"product_cat\",\"furnishing-fabric-textiles\"] data-filter=\".product_cat-furnishing-fabric-textiles\">Furnishing Fabric<\/span><em class=\"wpr-grid-filters-sep\"><\/em><\/li><li data-role=\"sub\" class=\" wpr-pointer-none wpr-pointer-line-fx wpr-pointer-fx-none\"><span  data-ajax-filter=[\"product_cat\",\"curtains\"] data-filter=\".product_cat-curtains\">Curtains<\/span><em class=\"wpr-grid-filters-sep\"><\/em><\/li><\/ul><\/ul><section class=\"wpr-grid elementor-clearfix\" data-settings=\"{&quot;layout&quot;:&quot;fitRows&quot;,&quot;stick_last_element_to_bottom&quot;:&quot;&quot;,&quot;columns_desktop&quot;:3,&quot;gutter_hr&quot;:20,&quot;gutter_hr_mobile&quot;:20,&quot;gutter_hr_mobile_extra&quot;:20,&quot;gutter_hr_tablet&quot;:20,&quot;gutter_hr_tablet_extra&quot;:20,&quot;gutter_hr_laptop&quot;:20,&quot;gutter_hr_widescreen&quot;:20,&quot;gutter_vr&quot;:30,&quot;gutter_vr_mobile&quot;:30,&quot;gutter_vr_mobile_extra&quot;:30,&quot;gutter_vr_tablet&quot;:30,&quot;gutter_vr_tablet_extra&quot;:30,&quot;gutter_vr_laptop&quot;:30,&quot;gutter_vr_widescreen&quot;:30,&quot;animation&quot;:&quot;default&quot;,&quot;animation_duration&quot;:0.3,&quot;animation_delay&quot;:0.1,&quot;deeplinking&quot;:&quot;&quot;,&quot;filters_linkable&quot;:&quot;no&quot;,&quot;filters_default_filter&quot;:&quot;&quot;,&quot;filters_count&quot;:&quot;&quot;,&quot;filters_hide_empty&quot;:&quot;no&quot;,&quot;filters_animation&quot;:&quot;default&quot;,&quot;filters_animation_duration&quot;:0.3,&quot;filters_animation_delay&quot;:0.1,&quot;pagination_type&quot;:&quot;load-more&quot;,&quot;pagination_max_pages&quot;:6,&quot;query_posts_per_page&quot;:3,&quot;lightbox&quot;:{&quot;selector&quot;:&quot;.wpr-grid-image-wrap&quot;,&quot;iframeMaxWidth&quot;:&quot;60%&quot;,&quot;hash&quot;:false,&quot;autoplay&quot;:&quot;true&quot;,&quot;pause&quot;:5000,&quot;progressBar&quot;:&quot;true&quot;,&quot;counter&quot;:&quot;true&quot;,&quot;controls&quot;:&quot;true&quot;,&quot;getCaptionFromTitleOrAlt&quot;:&quot;true&quot;,&quot;thumbnail&quot;:&quot;&quot;,&quot;showThumbByDefault&quot;:&quot;&quot;,&quot;share&quot;:&quot;&quot;,&quot;zoom&quot;:&quot;true&quot;,&quot;fullScreen&quot;:&quot;true&quot;,&quot;download&quot;:&quot;true&quot;}}\" data-advanced-filters=\"no\" data-found-posts = 18><article class=\"wpr-grid-item elementor-clearfix post-6824 product type-product status-publish has-post-thumbnail product_cat-bedspreads product_cat-textiles product_tag-bedspread product_tag-cotton product_tag-handmade product_tag-weaver product_tag-weaving desktop-align-left tablet-align-left mobile-align-left first instock shipping-taxable purchasable product-type-variable\"><div class=\"wpr-grid-item-inner\"><div class=\"wpr-grid-media-wrap wpr-effect-size-medium \" data-overlay-link=\"yes\"><div class=\"wpr-grid-image-wrap\" data-src=\"https:\/\/maalemin.com\/wp-content\/uploads\/2024\/09\/MAALEMIN-BEDSPREAD-HIBA-1.jpg\"  data-img-on-hover=\"\" data-src-secondary=\"\"><img decoding=\"async\" src=\"https:\/\/maalemin.com\/wp-content\/uploads\/2024\/09\/MAALEMIN-BEDSPREAD-HIBA-1.jpg\" alt=\"BEDSPREAD HIBA\" class=\"wpr-anim-timing-ease-default\"><\/div><div class=\"wpr-grid-media-hover wpr-animation-wrap\"><div class=\"wpr-grid-media-hover-bg  wpr-overlay-fade-in wpr-anim-size-large wpr-anim-timing-ease-default wpr-anim-transparency\" data-url=\"https:\/\/maalemin.com\/fr\/producto\/bedspread-hiba\/\"><\/div><\/div><\/div><div class=\"wpr-grid-item-below-content elementor-clearfix\"><h2 class=\"wpr-grid-item-title elementor-repeater-item-08e08e0 wpr-grid-item-display-block wpr-grid-item-align-left wpr-pointer-none wpr-pointer-line-fx wpr-pointer-fx-fade\"><div class=\"inner-block\"><a target=\"_self\"   href=\"https:\/\/maalemin.com\/fr\/producto\/bedspread-hiba\/\">BEDSPREAD HIBA<\/a><\/div><\/h2><div class=\"wpr-grid-item-price elementor-repeater-item-74cbb5c wpr-grid-item-display-block wpr-grid-item-align-left\"><div class=\"inner-block\"><span>A partir de <span class=\"woocommerce-Price-amount amount\">140.00<span class=\"woocommerce-Price-currencySymbol\">&euro;<\/span><\/span><\/span><\/div><\/div><\/div><\/div><\/article><article class=\"wpr-grid-item elementor-clearfix post-6814 product type-product status-publish has-post-thumbnail product_cat-bedspreads product_cat-textiles product_tag-bedspread product_tag-cotton product_tag-handmade product_tag-weaver product_tag-weaving desktop-align-left tablet-align-left mobile-align-left  instock shipping-taxable purchasable product-type-variable\"><div class=\"wpr-grid-item-inner\"><div class=\"wpr-grid-media-wrap wpr-effect-size-medium \" data-overlay-link=\"yes\"><div class=\"wpr-grid-image-wrap\" data-src=\"https:\/\/maalemin.com\/wp-content\/uploads\/2024\/09\/MAALEMIN-BEDSPREAD-LEYLA-1.jpg\"  data-img-on-hover=\"\" data-src-secondary=\"\"><img decoding=\"async\" src=\"https:\/\/maalemin.com\/wp-content\/uploads\/2024\/09\/MAALEMIN-BEDSPREAD-LEYLA-1.jpg\" alt=\"BEDSPREAD LEYLA\" class=\"wpr-anim-timing-ease-default\"><\/div><div class=\"wpr-grid-media-hover wpr-animation-wrap\"><div class=\"wpr-grid-media-hover-bg  wpr-overlay-fade-in wpr-anim-size-large wpr-anim-timing-ease-default wpr-anim-transparency\" data-url=\"https:\/\/maalemin.com\/fr\/producto\/bedspread-leyla\/\"><\/div><\/div><\/div><div class=\"wpr-grid-item-below-content elementor-clearfix\"><h2 class=\"wpr-grid-item-title elementor-repeater-item-08e08e0 wpr-grid-item-display-block wpr-grid-item-align-left wpr-pointer-none wpr-pointer-line-fx wpr-pointer-fx-fade\"><div class=\"inner-block\"><a target=\"_self\"   href=\"https:\/\/maalemin.com\/fr\/producto\/bedspread-leyla\/\">BEDSPREAD LEYLA<\/a><\/div><\/h2><div class=\"wpr-grid-item-price elementor-repeater-item-74cbb5c wpr-grid-item-display-block wpr-grid-item-align-left\"><div class=\"inner-block\"><span>A partir de <span class=\"woocommerce-Price-amount amount\">90.00<span class=\"woocommerce-Price-currencySymbol\">&euro;<\/span><\/span><\/span><\/div><\/div><\/div><\/div><\/article><article class=\"wpr-grid-item elementor-clearfix post-6803 product type-product status-publish has-post-thumbnail product_cat-bedspreads product_cat-textiles product_tag-bedspread product_tag-cotton product_tag-handmade product_tag-weaver product_tag-weaving desktop-align-left tablet-align-left mobile-align-left last instock shipping-taxable purchasable product-type-variable\"><div class=\"wpr-grid-item-inner\"><div class=\"wpr-grid-media-wrap wpr-effect-size-medium \" data-overlay-link=\"yes\"><div class=\"wpr-grid-image-wrap\" data-src=\"https:\/\/maalemin.com\/wp-content\/uploads\/2024\/09\/MAALEMIN-BEDSPREAD-FARAH-1.jpg\"  data-img-on-hover=\"\" data-src-secondary=\"\"><img decoding=\"async\" src=\"https:\/\/maalemin.com\/wp-content\/uploads\/2024\/09\/MAALEMIN-BEDSPREAD-FARAH-1.jpg\" alt=\"BEDSPREAD FARAH\" class=\"wpr-anim-timing-ease-default\"><\/div><div class=\"wpr-grid-media-hover wpr-animation-wrap\"><div class=\"wpr-grid-media-hover-bg  wpr-overlay-fade-in wpr-anim-size-large wpr-anim-timing-ease-default wpr-anim-transparency\" data-url=\"https:\/\/maalemin.com\/fr\/producto\/bedspread-farah\/\"><\/div><\/div><\/div><div class=\"wpr-grid-item-below-content elementor-clearfix\"><h2 class=\"wpr-grid-item-title elementor-repeater-item-08e08e0 wpr-grid-item-display-block wpr-grid-item-align-left wpr-pointer-none wpr-pointer-line-fx wpr-pointer-fx-fade\"><div class=\"inner-block\"><a target=\"_self\"   href=\"https:\/\/maalemin.com\/fr\/producto\/bedspread-farah\/\">BEDSPREAD FARAH<\/a><\/div><\/h2><div class=\"wpr-grid-item-price elementor-repeater-item-74cbb5c wpr-grid-item-display-block wpr-grid-item-align-left\"><div class=\"inner-block\"><span>A partir de <span class=\"woocommerce-Price-amount amount\">160.00<span class=\"woocommerce-Price-currencySymbol\">&euro;<\/span><\/span><\/span><\/div><\/div><\/div><\/div><\/article><\/section><div class=\"wpr-grid-pagination elementor-clearfix wpr-grid-pagination-load-more\" data-pages=\"6\"><a href=\"https:\/\/maalemin.com\/fr\/wp-json\/wp\/v2\/product\/6824\/page\/2\/\" class=\"wpr-load-more-btn\" data-e-disable-page-transition><\/a><div class=\"wpr-pagination-loading\"><div class=\"wpr-double-bounce\"><div class=\"wpr-child wpr-double-bounce1\"><\/div><div class=\"wpr-child wpr-double-bounce2\"><\/div><\/div><\/div><p class=\"wpr-pagination-finish\">End of Content.<\/p><\/div>\t\t\t\t<\/div>\n\t\t\t\t\t<\/div>\n\t\t<\/div>\n\t\t\t\t\t<\/div>\n\t\t<\/section>\n\t\t\t\t<\/div>\n\t\t","protected":false},"excerpt":{"rendered":"<p><em>Par Amine Bakali<\/em><\/p>\n<p>The HIBA bedspread will bring an elegant and creative touch in your home. This is a perfect bedspread for the summer which can bet can also be used as a large plaid to style your sofa and as a stylish blanket during the cold season.<\/p>\n<p>This piece is handwoven on demand by the finest weavers of Morocco.<\/p>\n<p><strong>Personnalisation: \u00a0<\/strong>Ce couvre-lit peut \u00eatre customis\u00e9 sur demande en une multitude de coloris. Pour cr\u00e9er votre couvre-lit personnalis\u00e9, choisissez d'abord  la taille que vous d\u00e9sirez et s\u00e9lectionnez ensuite l'option \u00ab custom \u00bb dans le choix des couleurs. Contactez-nous ensuite \u00e0 <em><a href=\"mailto:hello@maalemin.com\">hello@maalemin.com<\/a><\/em>\u00a0for specifics.<\/p>\n<p>If you want a special size or a completely new design do not hesitate to contact us and we will happily weave a bespoke piece for you.<\/p>\n<p><strong>Mat\u00e9riel<\/strong> Coton<\/p>\n<p><strong>Conseils d'entretien<\/strong> Machine Lavage \u00e0 froid \/ Nettoyage \u00e0 sec (recommand\u00e9)<\/p>\n<p><strong>D\u00e9lai de fabrication:<\/strong> 3 semaines<\/p>","protected":false},"featured_media":6829,"template":"elementor_theme","meta":{"site-sidebar-layout":"no-sidebar","site-content-layout":"","ast-site-content-layout":"normal-width-container","site-content-style":"boxed","site-sidebar-style":"default","ast-global-header-display":"","ast-banner-title-visibility":"","ast-main-header-display":"","ast-hfb-above-header-display":"","ast-hfb-below-header-display":"","ast-hfb-mobile-header-display":"","site-post-title":"disabled","ast-breadcrumbs-content":"","ast-featured-img":"disabled","footer-sml-layout":"","theme-transparent-header-meta":"default","adv-header-id-meta":"","stick-header-meta":"","header-above-stick-meta":"","header-main-stick-meta":"","header-below-stick-meta":"","astra-migrate-meta-layouts":"set","ast-page-background-enabled":"default","ast-page-background-meta":{"desktop":{"background-color":"","background-image":"","background-repeat":"repeat","background-position":"center center","background-size":"auto","background-attachment":"scroll","background-type":"","background-media":"","overlay-type":"","overlay-color":"","overlay-opacity":"","overlay-gradient":""},"tablet":{"background-color":"","background-image":"","background-repeat":"repeat","background-position":"center center","background-size":"auto","background-attachment":"scroll","background-type":"","background-media":"","overlay-type":"","overlay-color":"","overlay-opacity":"","overlay-gradient":""},"mobile":{"background-color":"","background-image":"","background-repeat":"repeat","background-position":"center center","background-size":"auto","background-attachment":"scroll","background-type":"","background-media":"","overlay-type":"","overlay-color":"","overlay-opacity":"","overlay-gradient":""}},"ast-content-background-meta":{"desktop":{"background-color":"var(--ast-global-color-5)","background-image":"","background-repeat":"repeat","background-position":"center center","background-size":"auto","background-attachment":"scroll","background-type":"","background-media":"","overlay-type":"","overlay-color":"","overlay-opacity":"","overlay-gradient":""},"tablet":{"background-color":"var(--ast-global-color-5)","background-image":"","background-repeat":"repeat","background-position":"center center","background-size":"auto","background-attachment":"scroll","background-type":"","background-media":"","overlay-type":"","overlay-color":"","overlay-opacity":"","overlay-gradient":""},"mobile":{"background-color":"var(--ast-global-color-5)","background-image":"","background-repeat":"repeat","background-position":"center center","background-size":"auto","background-attachment":"scroll","background-type":"","background-media":"","overlay-type":"","overlay-color":"","overlay-opacity":"","overlay-gradient":""}}},"product_brand":[],"product_cat":[34,26],"product_tag":[55,54,58,62,61],"class_list":{"0":"post-6824","1":"product","2":"type-product","3":"status-publish","4":"has-post-thumbnail","6":"product_cat-bedspreads","7":"product_cat-textiles","8":"product_tag-bedspread","9":"product_tag-cotton","10":"product_tag-handmade","11":"product_tag-weaver","12":"product_tag-weaving","13":"desktop-align-left","14":"tablet-align-left","15":"mobile-align-left","17":"first","18":"instock","19":"shipping-taxable","20":"purchasable","21":"product-type-variable"},"_links":{"self":[{"href":"https:\/\/maalemin.com\/fr\/wp-json\/wp\/v2\/product\/6824","targetHints":{"allow":["GET"]}}],"collection":[{"href":"https:\/\/maalemin.com\/fr\/wp-json\/wp\/v2\/product"}],"about":[{"href":"https:\/\/maalemin.com\/fr\/wp-json\/wp\/v2\/types\/product"}],"version-history":[{"count":7,"href":"https:\/\/maalemin.com\/fr\/wp-json\/wp\/v2\/product\/6824\/revisions"}],"predecessor-version":[{"id":8491,"href":"https:\/\/maalemin.com\/fr\/wp-json\/wp\/v2\/product\/6824\/revisions\/8491"}],"wp:featuredmedia":[{"embeddable":true,"href":"https:\/\/maalemin.com\/fr\/wp-json\/wp\/v2\/media\/6829"}],"wp:attachment":[{"href":"https:\/\/maalemin.com\/fr\/wp-json\/wp\/v2\/media?parent=6824"}],"wp:term":[{"taxonomy":"product_brand","embeddable":true,"href":"https:\/\/maalemin.com\/fr\/wp-json\/wp\/v2\/product_brand?post=6824"},{"taxonomy":"product_cat","embeddable":true,"href":"https:\/\/maalemin.com\/fr\/wp-json\/wp\/v2\/product_cat?post=6824"},{"taxonomy":"product_tag","embeddable":true,"href":"https:\/\/maalemin.com\/fr\/wp-json\/wp\/v2\/product_tag?post=6824"}],"curies":[{"name":"wp","href":"https:\/\/api.w.org\/{rel}","templated":true}]}}